{"id":68,"date":"2025-08-22T14:04:32","date_gmt":"2025-08-22T14:04:32","guid":{"rendered":"https:\/\/2025neu.webcreation-bundt.de\/?page_id=68"},"modified":"2025-08-22T15:41:45","modified_gmt":"2025-08-22T15:41:45","slug":"erklaerung-zur-digitalen-barrierefreiheit","status":"publish","type":"page","link":"https:\/\/2025neu.webcreation-bundt.de\/index.php\/erklaerung-zur-digitalen-barrierefreiheit\/","title":{"rendered":"ERKL\u00c4RUNG ZUR DIGITALEN BARRIEREFREIHEIT"},"content":{"rendered":"\t\t<div data-elementor-type=\"wp-page\" data-elementor-id=\"68\" class=\"elementor elementor-68\" data-elementor-post-type=\"page\">\n\t\t\t\t<div class=\"elementor-element elementor-element-c9f7eea e-flex e-con-boxed e-con e-parent\" data-id=\"c9f7eea\" data-element_type=\"container\" data-settings=\"{&quot;jet_parallax_layout_list&quot;:[]}\">\n\t\t\t\t\t<div class=\"e-con-inner\">\n\t\t\t\t<div class=\"elementor-element elementor-element-8d329fa elementor-widget elementor-widget-text-editor\" data-id=\"8d329fa\" data-element_type=\"widget\" data-widget_type=\"text-editor.default\">\n\t\t\t\t\t\t\t\t\t<h1>Erkl\u00e4rung zur Barrierefreiheit f\u00fcr Dienstleistungen<\/h1>\n<p>Im Rahmen unserer Barrierefreiheitserkl\u00e4rung m\u00f6chten wir Ihnen einen \u00dcberblick \u00fcber den Stand der Vereinbarkeit der unten beschriebenen Dienstleistung(en) mit den Anforderungen der Barrierefreiheit nach gesetzlichen Vorschriften (insbesondere mit dem Barrierefreiheitsst\u00e4rkungsgesetz \u2013 BFSG) geben.<\/p>\n<h2>Angaben zum Dienstleistungserbringer<\/h2>\n<p>Webcreation Bundt<\/p><p>\nNico Bundt<br>\nSauerl\u00e4nder Stra\u00dfe 21<br>\n44265 Dortmund<br>\nNordrhein-Westfalen<\/p>\n<h2>Allgemeine Beschreibung der Dienstleistung<\/h2>\n<p>Erstellung von Webseiten f\u00fcr Unternehmen sowie alle Arbeiten die zum f\u00fchren einer Werbeagentur geh\u00f6ren.<\/p>\n<p>Firmenwebseite: https:\/\/www.webcreation-bundt.de<\/p>\n<h2>Erl\u00e4uterungen zur Durchf\u00fchrung der Dienstleistung<\/h2>\n<p>\u00dcber unsere Webseite zeigen wir, welche Dienstleistung wir anbieten. Dazu werden Bilder und Screenshots von Referenzarbeiten gezeigt, ebenso die Arbeiten erl\u00e4utert.<\/p>\n<h2>Stand der Vereinbarkeit mit den Anforderungen<\/h2>\n<p>Die oben genannte Dienstleistung ist nicht mit dem Barrierefreiheitsst\u00e4rkungsgesetz (BFSG) vereinbar.<\/p>\n<p>Folgende Teile\/Inhalte\/Funktionen der Dienstleistung sind nicht barrierefrei:<\/p>\n<p>Unser Unternehmen f\u00e4llt NICHT unter die Barrierefreiheit, deshalb wurde die Webseite bis jetzt nicht dementsprechend umgesetzt.<\/p>\n<p>Wir sind aber bem\u00fcht, in Zukunft die Webseite dementsprechend anzupassen, auch wenn wir dazu nicht verpflichtet sind.<\/p>\n<h2>Erstellung der Barrierefreiheitserkl\u00e4rung<\/h2>\n<p>Datum der Erstellung der Barrierefreiheitserkl\u00e4rung: 28.06.2025<br>\nDatum der letzten \u00dcberpr\u00fcfung der o. g. Leistungen hinsichtlich der Anforderungen zur Barrierefreiheit: 18.06.2025<\/p>\n<h2>Einsch\u00e4tzung zum Stand der Barrierefreiheit<\/h2>\n<p>Die Einsch\u00e4tzung zum Stand der Barrierefreiheit beruht auf unserer Selbsteinsch\u00e4tzung.<\/p>\n<h2>Feedbackm\u00f6glichkeit und Kontaktangaben<\/h2>\n<p>Adresse:<br>\nWebdesigner Nico Bundt<br>\nSauerl\u00e4nder Str. 21<br>\n44265 Dortmund<\/p>\n<p>E-Mail: info@webcreation-bundt.de<\/p>\n<p>Telefon: 0176 \/ 83096416<\/p>\n<p>Link zur Website: <a href=\"http:\/\/www.webcreation-bundt.de\">http:\/\/www.webcreation-bundt.de<\/a><\/p>\t\t\t\t\t\t\t\t<\/div>\n\t\t\t\t\t<\/div>\n\t\t\t\t<\/div>\n\t\t\t\t<\/div>\n\t\t","protected":false},"excerpt":{"rendered":"<p>Erkl\u00e4rung zur Barrierefreiheit f\u00fcr Dienstleistungen Im Rahmen unserer Barrierefreiheitserkl\u00e4rung m\u00f6chten wir Ihnen einen \u00dcberblick \u00fcber den Stand der Vereinbarkeit der unten beschriebenen Dienstleistung(en) mit den Anforderungen der Barrierefreiheit nach gesetzlichen Vorschriften (insbesondere mit dem Barrierefreiheitsst\u00e4rkungsgesetz \u2013 BFSG) geben. Angaben zum Dienstleistungserbringer Webcreation Bundt Nico Bundt Sauerl\u00e4nder Stra\u00dfe 21 44265 Dortmund Nordrhein-Westfalen Allgemeine Beschreibung der Dienstleistung [&hellip;]<\/p>\n","protected":false},"author":1,"featured_media":0,"parent":0,"menu_order":0,"comment_status":"closed","ping_status":"closed","template":"","meta":{"footnotes":""},"class_list":["post-68","page","type-page","status-publish","hentry"],"aioseo_notices":[],"_links":{"self":[{"href":"https:\/\/2025neu.webcreation-bundt.de\/index.php\/wp-json\/wp\/v2\/pages\/68","targetHints":{"allow":["GET"]}}],"collection":[{"href":"https:\/\/2025neu.webcreation-bundt.de\/index.php\/wp-json\/wp\/v2\/pages"}],"about":[{"href":"https:\/\/2025neu.webcreation-bundt.de\/index.php\/wp-json\/wp\/v2\/types\/page"}],"author":[{"embeddable":true,"href":"https:\/\/2025neu.webcreation-bundt.de\/index.php\/wp-json\/wp\/v2\/users\/1"}],"replies":[{"embeddable":true,"href":"https:\/\/2025neu.webcreation-bundt.de\/index.php\/wp-json\/wp\/v2\/comments?post=68"}],"version-history":[{"count":7,"href":"https:\/\/2025neu.webcreation-bundt.de\/index.php\/wp-json\/wp\/v2\/pages\/68\/revisions"}],"predecessor-version":[{"id":125,"href":"https:\/\/2025neu.webcreation-bundt.de\/index.php\/wp-json\/wp\/v2\/pages\/68\/revisions\/125"}],"wp:attachment":[{"href":"https:\/\/2025neu.webcreation-bundt.de\/index.php\/wp-json\/wp\/v2\/media?parent=68"}],"curies":[{"name":"wp","href":"https:\/\/api.w.org\/{rel}","templated":true}]}}