{"id":72,"date":"2025-08-22T14:10:17","date_gmt":"2025-08-22T14:10:17","guid":{"rendered":"https:\/\/2025neu.webcreation-bundt.de\/?page_id=72"},"modified":"2025-08-23T18:21:57","modified_gmt":"2025-08-23T18:21:57","slug":"webdesign","status":"publish","type":"page","link":"https:\/\/2025neu.webcreation-bundt.de\/index.php\/webdesign\/","title":{"rendered":"WEBDESIGN"},"content":{"rendered":"\t\t<div data-elementor-type=\"wp-page\" data-elementor-id=\"72\" class=\"elementor elementor-72\" data-elementor-post-type=\"page\">\n\t\t\t\t<div class=\"elementor-element elementor-element-e44b556 e-flex e-con-boxed e-con e-parent\" data-id=\"e44b556\" data-element_type=\"container\" data-settings=\"{&quot;background_background&quot;:&quot;slideshow&quot;,&quot;jet_parallax_layout_list&quot;:[],&quot;background_slideshow_gallery&quot;:[{&quot;id&quot;:250,&quot;url&quot;:&quot;https:\\\/\\\/2025neu.webcreation-bundt.de\\\/wp-content\\\/uploads\\\/2025\\\/08\\\/2025_SLIDER_Webdesign.webp&quot;}],&quot;background_slideshow_loop&quot;:&quot;yes&quot;,&quot;background_slideshow_slide_duration&quot;:5000,&quot;background_slideshow_slide_transition&quot;:&quot;fade&quot;,&quot;background_slideshow_transition_duration&quot;:500}\">\n\t\t\t\t\t<div class=\"e-con-inner\">\n\t\t\t\t\t<\/div>\n\t\t\t\t<\/div>\n\t\t<div class=\"elementor-element elementor-element-6779efe e-flex e-con-boxed e-con e-parent\" data-id=\"6779efe\" data-element_type=\"container\" data-settings=\"{&quot;jet_parallax_layout_list&quot;:[]}\">\n\t\t\t\t\t<div class=\"e-con-inner\">\n\t\t\t\t<div class=\"elementor-element elementor-element-ea0be22 elementor-widget-divider--view-line_text elementor-widget-divider--element-align-left elementor-widget elementor-widget-divider\" data-id=\"ea0be22\" data-element_type=\"widget\" data-widget_type=\"divider.default\">\n\t\t\t\t\t\t\t<div class=\"elementor-divider\">\n\t\t\t<span class=\"elementor-divider-separator\">\n\t\t\t\t\t\t\t<span class=\"elementor-divider__text elementor-divider__element\">\n\t\t\t\tWEBDESIGN\t\t\t\t<\/span>\n\t\t\t\t\t\t<\/span>\n\t\t<\/div>\n\t\t\t\t\t\t<\/div>\n\t\t<div class=\"elementor-element elementor-element-fed5a59 e-con-full e-flex e-con e-child\" data-id=\"fed5a59\" data-element_type=\"container\" data-settings=\"{&quot;jet_parallax_layout_list&quot;:[]}\">\n\t\t<div class=\"elementor-element elementor-element-649ea5d e-con-full e-flex e-con e-child\" data-id=\"649ea5d\" data-element_type=\"container\" data-settings=\"{&quot;jet_parallax_layout_list&quot;:[]}\">\n\t\t\t\t<div class=\"elementor-element elementor-element-dd43e72 elementor-widget elementor-widget-text-editor\" data-id=\"dd43e72\" data-element_type=\"widget\" data-widget_type=\"text-editor.default\">\n\t\t\t\t\t\t\t\t\t<div id=\"column-wrap-id-1624472657892\" class=\"sppb-col-md-8\"><div id=\"column-id-1624472657892\" class=\"sppb-column\"><div class=\"sppb-column-addons\"><div id=\"sppb-addon-wrapper-1484407616286\" class=\"sppb-addon-wrapper\"><div id=\"sppb-addon-1484407616286\" class=\"clearfix \"><div class=\"sppb-addon sppb-addon-text-block sppb-text-left \"><div class=\"sppb-addon-content\"><p data-start=\"73\" data-end=\"496\">Seit \u00fcber 15 Jahren steht Webcreation Bundt f\u00fcr individuelles und modernes <strong data-start=\"186\" data-end=\"199\">Webdesign<\/strong>. Jede Webseite wird ma\u00dfgeschneidert nach den W\u00fcnschen und Zielen unserer Kunden entwickelt \u2013 von der klaren Struktur \u00fcber ein kreatives Design bis hin zur optimalen Darstellung auf allen Endger\u00e4ten. Dabei kombinieren wir ansprechende Optik mit hoher Benutzerfreundlichkeit und neuester Technik.<\/p><p data-start=\"498\" data-end=\"658\">Ob Unternehmensseite, Online-Shop oder pers\u00f6nliche Webpr\u00e4senz \u2013 wir schaffen digitale L\u00f6sungen, die \u00fcberzeugen und Ihr Projekt im Internet erfolgreich machen.<\/p><p>Auf dieser Seite werden Sie keine Paketpreise finden. Warum? Weil jeder Kunde ganz individuell ist, seine W\u00fcnsche und Vorstellungen lassen sich nicht in fertige Pakete pressen.<\/p><p>Ebenso einzigartig ist mein Angebot:<\/p><p>Ich setze Ihre Seite nicht nur professionell um, sondern betreue oder coache Sie im Umgang mit den Content Management Systemen (CMS). Von der statischen Homepage bis zum Gro\u00dfprojekt mit Shop und Redaktionssystem ist alles m\u00f6glich.<\/p><p>Gerne erstelle ich Ihnen einen unverbindlichen Kostenvoranschlag.<\/p><\/div><\/div><\/div><\/div><\/div><\/div><\/div>\t\t\t\t\t\t\t\t<\/div>\n\t\t\t\t<\/div>\n\t\t<div class=\"elementor-element elementor-element-c209632 e-con-full e-flex e-con e-child\" data-id=\"c209632\" data-element_type=\"container\" data-settings=\"{&quot;jet_parallax_layout_list&quot;:[]}\">\n\t\t\t\t<div class=\"elementor-element elementor-element-7b59e52 elementor-widget elementor-widget-heading\" data-id=\"7b59e52\" data-element_type=\"widget\" data-widget_type=\"heading.default\">\n\t\t\t\t\t<h2 class=\"elementor-heading-title elementor-size-default\">Kleiner Einblick in Projekte von Kunden:<\/h2>\t\t\t\t<\/div>\n\t\t\t\t<div class=\"elementor-element elementor-element-b713046 elementor-widget elementor-widget-jet-portfolio\" data-id=\"b713046\" data-element_type=\"widget\" data-settings=\"{&quot;columns&quot;:&quot;2&quot;}\" data-widget_type=\"jet-portfolio.default\">\n\t\t\t\t<div class=\"elementor-widget-container\">\n\t\t\t\t\t<div class=\"elementor-jet-portfolio jet-elements\">\n<div class=\"jet-portfolio layout-type-masonry preset-type-2 layout-desktop-column-2  \" data-settings=\"{&quot;layoutType&quot;:&quot;masonry&quot;,&quot;perPage&quot;:6}\"><div class=\"jet-portfolio__list\"><article class=\"jet-portfolio__item visible-status\" data-slug=\"{&quot;0&quot;:&quot;all&quot;}\">\n\t<div class=\"jet-portfolio__inner\">\n\t\t<a class=\"jet-portfolio__link \" href=\"https:\/\/2025neu.webcreation-bundt.de\/wp-content\/uploads\/2025\/08\/2025_Screenshot_Circuswelten.webp\" data-elementor-open-lightbox=\"yes\" data-elementor-lightbox-title=\"Circus &amp; Kirmeswelten\">\n\t\t\t<div class=\"jet-portfolio__image\">\n\t\t\t\t<img loading=\"lazy\" decoding=\"async\" class=\"jet-portfolio__image-instance\" src=\"https:\/\/2025neu.webcreation-bundt.de\/wp-content\/uploads\/2025\/08\/2025_Screenshot_Circuswelten.webp\" width=\"1400\" height=\"850\"  alt=\"Webseite Circuswelten\" loading=\"lazy\">\t\t\t\t<div class=\"jet-portfolio__image-loader\"><span><\/span><\/div>\n\n\t\t\t\t\t\t\t\t\t<div class=\"jet-portfolio__cover\"><span class=\"jet-elements-icon\"><svg aria-hidden=\"true\" class=\"e-font-icon-svg e-fas-search\" viewBox=\"0 0 512 512\" xmlns=\"http:\/\/www.w3.org\/2000\/svg\"><path d=\"M505 442.7L405.3 343c-4.5-4.5-10.6-7-17-7H372c27.6-35.3 44-79.7 44-128C416 93.1 322.9 0 208 0S0 93.1 0 208s93.1 208 208 208c48.3 0 92.7-16.4 128-44v16.3c0 6.4 2.5 12.5 7 17l99.7 99.7c9.4 9.4 24.6 9.4 33.9 0l28.3-28.3c9.4-9.4 9.4-24.6.1-34zM208 336c-70.7 0-128-57.2-128-128 0-70.7 57.2-128 128-128 70.7 0 128 57.2 128 128 0 70.7-57.2 128-128 128z\"><\/path><\/svg><\/span><\/div>\n\t\t\t\t\t\t\t<\/div>\n\t\t<\/a>\n\t\t<div class=\"jet-portfolio__content\">\n\t\t\t<div class=\"jet-portfolio__content-inner\"><h4 class=\"jet-portfolio__title\">Circus & Kirmeswelten<\/h4><\/div>\n\t\t<\/div>\n\t<\/div>\n<\/article><article class=\"jet-portfolio__item visible-status\" data-slug=\"{&quot;0&quot;:&quot;all&quot;}\">\n\t<div class=\"jet-portfolio__inner\">\n\t\t<a class=\"jet-portfolio__link \" href=\"https:\/\/2025neu.webcreation-bundt.de\/wp-content\/uploads\/2025\/08\/2025_Screenshot_HS.webp\" data-elementor-open-lightbox=\"yes\" data-elementor-lightbox-title=\"heinrichschulte\">\n\t\t\t<div class=\"jet-portfolio__image\">\n\t\t\t\t<img loading=\"lazy\" decoding=\"async\" class=\"jet-portfolio__image-instance\" src=\"https:\/\/2025neu.webcreation-bundt.de\/wp-content\/uploads\/2025\/08\/2025_Screenshot_HS.webp\" width=\"1400\" height=\"850\"  alt=\"Webseite heinrichschulte\" loading=\"lazy\">\t\t\t\t<div class=\"jet-portfolio__image-loader\"><span><\/span><\/div>\n\n\t\t\t\t\t\t\t\t\t<div class=\"jet-portfolio__cover\"><span class=\"jet-elements-icon\"><svg aria-hidden=\"true\" class=\"e-font-icon-svg e-fas-search\" viewBox=\"0 0 512 512\" xmlns=\"http:\/\/www.w3.org\/2000\/svg\"><path d=\"M505 442.7L405.3 343c-4.5-4.5-10.6-7-17-7H372c27.6-35.3 44-79.7 44-128C416 93.1 322.9 0 208 0S0 93.1 0 208s93.1 208 208 208c48.3 0 92.7-16.4 128-44v16.3c0 6.4 2.5 12.5 7 17l99.7 99.7c9.4 9.4 24.6 9.4 33.9 0l28.3-28.3c9.4-9.4 9.4-24.6.1-34zM208 336c-70.7 0-128-57.2-128-128 0-70.7 57.2-128 128-128 70.7 0 128 57.2 128 128 0 70.7-57.2 128-128 128z\"><\/path><\/svg><\/span><\/div>\n\t\t\t\t\t\t\t<\/div>\n\t\t<\/a>\n\t\t<div class=\"jet-portfolio__content\">\n\t\t\t<div class=\"jet-portfolio__content-inner\"><h4 class=\"jet-portfolio__title\">heinrichschulte<\/h4><\/div>\n\t\t<\/div>\n\t<\/div>\n<\/article><article class=\"jet-portfolio__item visible-status\" data-slug=\"{&quot;0&quot;:&quot;all&quot;}\">\n\t<div class=\"jet-portfolio__inner\">\n\t\t<a class=\"jet-portfolio__link \" href=\"https:\/\/2025neu.webcreation-bundt.de\/wp-content\/uploads\/2025\/08\/2024_Screenshot_LUEG.webp\" data-elementor-open-lightbox=\"yes\" data-elementor-lightbox-title=\"LUEG Drehtechnik\">\n\t\t\t<div class=\"jet-portfolio__image\">\n\t\t\t\t<img loading=\"lazy\" decoding=\"async\" class=\"jet-portfolio__image-instance\" src=\"https:\/\/2025neu.webcreation-bundt.de\/wp-content\/uploads\/2025\/08\/2024_Screenshot_LUEG.webp\" width=\"1400\" height=\"850\"  alt=\"Webseite LUEG Drehtechnik\" loading=\"lazy\">\t\t\t\t<div class=\"jet-portfolio__image-loader\"><span><\/span><\/div>\n\n\t\t\t\t\t\t\t\t\t<div class=\"jet-portfolio__cover\"><span class=\"jet-elements-icon\"><svg aria-hidden=\"true\" class=\"e-font-icon-svg e-fas-search\" viewBox=\"0 0 512 512\" xmlns=\"http:\/\/www.w3.org\/2000\/svg\"><path d=\"M505 442.7L405.3 343c-4.5-4.5-10.6-7-17-7H372c27.6-35.3 44-79.7 44-128C416 93.1 322.9 0 208 0S0 93.1 0 208s93.1 208 208 208c48.3 0 92.7-16.4 128-44v16.3c0 6.4 2.5 12.5 7 17l99.7 99.7c9.4 9.4 24.6 9.4 33.9 0l28.3-28.3c9.4-9.4 9.4-24.6.1-34zM208 336c-70.7 0-128-57.2-128-128 0-70.7 57.2-128 128-128 70.7 0 128 57.2 128 128 0 70.7-57.2 128-128 128z\"><\/path><\/svg><\/span><\/div>\n\t\t\t\t\t\t\t<\/div>\n\t\t<\/a>\n\t\t<div class=\"jet-portfolio__content\">\n\t\t\t<div class=\"jet-portfolio__content-inner\"><h4 class=\"jet-portfolio__title\">LUEG Drehtechnik<\/h4><\/div>\n\t\t<\/div>\n\t<\/div>\n<\/article><article class=\"jet-portfolio__item visible-status\" data-slug=\"{&quot;0&quot;:&quot;all&quot;}\">\n\t<div class=\"jet-portfolio__inner\">\n\t\t<a class=\"jet-portfolio__link \" href=\"https:\/\/2025neu.webcreation-bundt.de\/wp-content\/uploads\/2025\/08\/2025_Screenshot_Giesche.webp\" data-elementor-open-lightbox=\"yes\" data-elementor-lightbox-title=\"GIESCHE GmbH\">\n\t\t\t<div class=\"jet-portfolio__image\">\n\t\t\t\t<img loading=\"lazy\" decoding=\"async\" class=\"jet-portfolio__image-instance\" src=\"https:\/\/2025neu.webcreation-bundt.de\/wp-content\/uploads\/2025\/08\/2025_Screenshot_Giesche.webp\" width=\"1400\" height=\"850\"  alt=\"Webseite Giesche GmbH\" loading=\"lazy\">\t\t\t\t<div class=\"jet-portfolio__image-loader\"><span><\/span><\/div>\n\n\t\t\t\t\t\t\t\t\t<div class=\"jet-portfolio__cover\"><span class=\"jet-elements-icon\"><svg aria-hidden=\"true\" class=\"e-font-icon-svg e-fas-search\" viewBox=\"0 0 512 512\" xmlns=\"http:\/\/www.w3.org\/2000\/svg\"><path d=\"M505 442.7L405.3 343c-4.5-4.5-10.6-7-17-7H372c27.6-35.3 44-79.7 44-128C416 93.1 322.9 0 208 0S0 93.1 0 208s93.1 208 208 208c48.3 0 92.7-16.4 128-44v16.3c0 6.4 2.5 12.5 7 17l99.7 99.7c9.4 9.4 24.6 9.4 33.9 0l28.3-28.3c9.4-9.4 9.4-24.6.1-34zM208 336c-70.7 0-128-57.2-128-128 0-70.7 57.2-128 128-128 70.7 0 128 57.2 128 128 0 70.7-57.2 128-128 128z\"><\/path><\/svg><\/span><\/div>\n\t\t\t\t\t\t\t<\/div>\n\t\t<\/a>\n\t\t<div class=\"jet-portfolio__content\">\n\t\t\t<div class=\"jet-portfolio__content-inner\"><h4 class=\"jet-portfolio__title\">GIESCHE GmbH<\/h4><\/div>\n\t\t<\/div>\n\t<\/div>\n<\/article><\/div><\/div>\n<\/div>\t\t\t\t<\/div>\n\t\t\t\t<\/div>\n\t\t\t\t<\/div>\n\t\t\t\t<\/div>\n\t\t\t\t\t<\/div>\n\t\t\t\t<\/div>\n\t\t<div class=\"elementor-element elementor-element-357ed8e e-flex e-con-boxed e-con e-parent\" data-id=\"357ed8e\" data-element_type=\"container\" data-settings=\"{&quot;jet_parallax_layout_list&quot;:[]}\">\n\t\t\t\t\t<div class=\"e-con-inner\">\n\t\t<div class=\"elementor-element elementor-element-c7fc283 e-con-full e-flex e-con e-child\" data-id=\"c7fc283\" data-element_type=\"container\" data-settings=\"{&quot;jet_parallax_layout_list&quot;:[]}\">\n\t\t<div class=\"elementor-element elementor-element-bb52eb2 e-con-full e-flex e-con e-child\" data-id=\"bb52eb2\" data-element_type=\"container\" data-settings=\"{&quot;jet_parallax_layout_list&quot;:[]}\">\n\t\t\t\t<div class=\"elementor-element elementor-element-ebb3390 elementor-widget-divider--view-line_text elementor-widget-divider--element-align-center elementor-widget elementor-widget-divider\" data-id=\"ebb3390\" data-element_type=\"widget\" data-widget_type=\"divider.default\">\n\t\t\t\t\t\t\t<div class=\"elementor-divider\">\n\t\t\t<span class=\"elementor-divider-separator\">\n\t\t\t\t\t\t\t<span class=\"elementor-divider__text elementor-divider__element\">\n\t\t\t\tSUCHMASCHINENOPTIMIERUNG\t\t\t\t<\/span>\n\t\t\t\t\t\t<\/span>\n\t\t<\/div>\n\t\t\t\t\t\t<\/div>\n\t\t\t\t<div class=\"elementor-element elementor-element-c1f5410 elementor-widget elementor-widget-image\" data-id=\"c1f5410\" data-element_type=\"widget\" data-widget_type=\"image.default\">\n\t\t\t\t\t\t\t\t\t\t\t\t\t\t\t<img fetchpriority=\"high\" decoding=\"async\" width=\"800\" height=\"453\" src=\"https:\/\/2025neu.webcreation-bundt.de\/wp-content\/uploads\/2025\/08\/2025_SEO-1024x580.webp\" class=\"attachment-large size-large wp-image-286\" alt=\"SEO von Webcreation Bundt\" srcset=\"https:\/\/2025neu.webcreation-bundt.de\/wp-content\/uploads\/2025\/08\/2025_SEO-1024x580.webp 1024w, https:\/\/2025neu.webcreation-bundt.de\/wp-content\/uploads\/2025\/08\/2025_SEO-300x170.webp 300w, https:\/\/2025neu.webcreation-bundt.de\/wp-content\/uploads\/2025\/08\/2025_SEO-768x435.webp 768w, https:\/\/2025neu.webcreation-bundt.de\/wp-content\/uploads\/2025\/08\/2025_SEO.webp 1500w\" sizes=\"(max-width: 800px) 100vw, 800px\" \/>\t\t\t\t\t\t\t\t\t\t\t\t\t\t\t<\/div>\n\t\t\t\t<div class=\"elementor-element elementor-element-811773f elementor-widget elementor-widget-text-editor\" data-id=\"811773f\" data-element_type=\"widget\" data-widget_type=\"text-editor.default\">\n\t\t\t\t\t\t\t\t\t<div id=\"column-wrap-id-1624472657892\" class=\"sppb-col-md-8\"><div id=\"column-id-1624472657892\" class=\"sppb-column\"><div class=\"sppb-column-addons\"><div id=\"sppb-addon-wrapper-1484407616286\" class=\"sppb-addon-wrapper\"><div id=\"sppb-addon-1484407616286\" class=\"clearfix \"><div class=\"sppb-addon sppb-addon-text-block sppb-text-left \"><div class=\"sppb-addon-content\"><p data-start=\"73\" data-end=\"496\">Der fr\u00fche Vogel f\u00e4ngt den Wurm, wer bei den Suchmaschinentreffern ganz oben steht, hat schon fast gewonnen. Ich sorge daf\u00fcr, dass Sie ganz vorne in der Trefferliste stehen.<\/p><\/div><\/div><\/div><\/div><\/div><\/div><\/div>\t\t\t\t\t\t\t\t<\/div>\n\t\t\t\t<div class=\"elementor-element elementor-element-b373ab2 elementor-widget elementor-widget-text-editor\" data-id=\"b373ab2\" data-element_type=\"widget\" data-widget_type=\"text-editor.default\">\n\t\t\t\t\t\t\t\t\t<div id=\"column-wrap-id-1624472657892\" class=\"sppb-col-md-8\"><div id=\"column-id-1624472657892\" class=\"sppb-column\"><div class=\"sppb-column-addons\"><div id=\"sppb-addon-wrapper-1484407616286\" class=\"sppb-addon-wrapper\"><div id=\"sppb-addon-1484407616286\" class=\"clearfix \"><div class=\"sppb-addon sppb-addon-text-block sppb-text-left \"><div class=\"sppb-addon-content\"><p data-start=\"73\" data-end=\"496\">Egal ob sie sich f\u00fcr eine Webvisitenkarte entscheiden oder ein CMS, ich \u00fcbernehme gerne die Betreuung Ihrer Webseite oder schule Sie und Ihre Mitarbeiter im Umgang mit CMS.<\/p><\/div><\/div><\/div><\/div><\/div><\/div><\/div>\t\t\t\t\t\t\t\t<\/div>\n\t\t\t\t<\/div>\n\t\t<div class=\"elementor-element elementor-element-b2ed0c5 e-con-full e-flex e-con e-child\" data-id=\"b2ed0c5\" data-element_type=\"container\" data-settings=\"{&quot;jet_parallax_layout_list&quot;:[]}\">\n\t\t\t\t<div class=\"elementor-element elementor-element-927a49d elementor-widget-divider--view-line_text elementor-widget-divider--element-align-center elementor-widget elementor-widget-divider\" data-id=\"927a49d\" data-element_type=\"widget\" data-widget_type=\"divider.default\">\n\t\t\t\t\t\t\t<div class=\"elementor-divider\">\n\t\t\t<span class=\"elementor-divider-separator\">\n\t\t\t\t\t\t\t<span class=\"elementor-divider__text elementor-divider__element\">\n\t\t\t\tSOCIAL MEDIA\t\t\t\t<\/span>\n\t\t\t\t\t\t<\/span>\n\t\t<\/div>\n\t\t\t\t\t\t<\/div>\n\t\t\t\t<div class=\"elementor-element elementor-element-8805b0a elementor-widget elementor-widget-image\" data-id=\"8805b0a\" data-element_type=\"widget\" data-widget_type=\"image.default\">\n\t\t\t\t\t\t\t\t\t\t\t\t\t\t\t<img decoding=\"async\" width=\"800\" height=\"453\" src=\"https:\/\/2025neu.webcreation-bundt.de\/wp-content\/uploads\/2025\/08\/2025_SOCIAL_Media-1024x580.webp\" class=\"attachment-large size-large wp-image-287\" alt=\"\" srcset=\"https:\/\/2025neu.webcreation-bundt.de\/wp-content\/uploads\/2025\/08\/2025_SOCIAL_Media-1024x580.webp 1024w, https:\/\/2025neu.webcreation-bundt.de\/wp-content\/uploads\/2025\/08\/2025_SOCIAL_Media-300x170.webp 300w, https:\/\/2025neu.webcreation-bundt.de\/wp-content\/uploads\/2025\/08\/2025_SOCIAL_Media-768x435.webp 768w, https:\/\/2025neu.webcreation-bundt.de\/wp-content\/uploads\/2025\/08\/2025_SOCIAL_Media.webp 1500w\" sizes=\"(max-width: 800px) 100vw, 800px\" \/>\t\t\t\t\t\t\t\t\t\t\t\t\t\t\t<\/div>\n\t\t\t\t<div class=\"elementor-element elementor-element-bf97a13 elementor-widget elementor-widget-text-editor\" data-id=\"bf97a13\" data-element_type=\"widget\" data-widget_type=\"text-editor.default\">\n\t\t\t\t\t\t\t\t\t<div id=\"column-wrap-id-1624472657892\" class=\"sppb-col-md-8\"><div id=\"column-id-1624472657892\" class=\"sppb-column\"><div class=\"sppb-column-addons\"><div id=\"sppb-addon-wrapper-1484407616286\" class=\"sppb-addon-wrapper\"><div id=\"sppb-addon-1484407616286\" class=\"clearfix \"><div class=\"sppb-addon sppb-addon-text-block sppb-text-left \"><div class=\"sppb-addon-content\"><div id=\"sppb-addon-wrapper-1484409273429\" class=\"sppb-addon-wrapper\"><div id=\"sppb-addon-1484409273429\" class=\"clearfix \"><div class=\"sppb-addon sppb-addon-text-block sppb-text-left \"><div class=\"sppb-addon-content\"><p>Es unterliegt einem st\u00e4ndigen inhaltlichen Wandel. Die Seitenzahl ist nach obenhin offen. Der Kunde muss selbst in der Lage sein die Seite mit Inhalt zu f\u00fcttern. Ein CMS erm\u00f6glicht dem Benutzer sie schnell und einfach zu pflegen. Der Vorteil liegt darin, dass mehrere Mitarbeiter auf freigeschaltete Bereiche einer Webseite zugreifen k\u00f6nnen. Diese Art bietet sich f\u00fcr Unternehmen an, deren Angebot h\u00e4ufig wechselt, wie etwa Modelabels oder Eventagenturen. Die Kunden sind so immer auf dem aktuellsten Stand.<\/p><\/div><\/div><\/div><\/div><\/div><\/div><\/div><\/div><\/div><\/div><\/div>\t\t\t\t\t\t\t\t<\/div>\n\t\t\t\t<\/div>\n\t\t\t\t<\/div>\n\t\t\t\t\t<\/div>\n\t\t\t\t<\/div>\n\t\t<div class=\"elementor-element elementor-element-a008235 e-flex e-con-boxed e-con e-parent\" data-id=\"a008235\" data-element_type=\"container\" data-settings=\"{&quot;jet_parallax_layout_list&quot;:[]}\">\n\t\t\t\t\t<div class=\"e-con-inner\">\n\t\t\t\t<div class=\"elementor-element elementor-element-a162b53 elementor-widget-divider--view-line_text elementor-widget-divider--element-align-left elementor-widget elementor-widget-divider\" data-id=\"a162b53\" data-element_type=\"widget\" data-widget_type=\"divider.default\">\n\t\t\t\t\t\t\t<div class=\"elementor-divider\">\n\t\t\t<span class=\"elementor-divider-separator\">\n\t\t\t\t\t\t\t<span class=\"elementor-divider__text elementor-divider__element\">\n\t\t\t\tUNTERSCHIEDLICHE ARTEN VON WEBAUFTRITTEN\t\t\t\t<\/span>\n\t\t\t\t\t\t<\/span>\n\t\t<\/div>\n\t\t\t\t\t\t<\/div>\n\t\t\t\t<div class=\"elementor-element elementor-element-86c47e1 elementor-widget elementor-widget-heading\" data-id=\"86c47e1\" data-element_type=\"widget\" data-widget_type=\"heading.default\">\n\t\t\t\t\t<h2 class=\"elementor-heading-title elementor-size-default\">WEBVISITENKARTE<\/h2>\t\t\t\t<\/div>\n\t\t\t\t<div class=\"elementor-element elementor-element-f2dc19b elementor-widget elementor-widget-text-editor\" data-id=\"f2dc19b\" data-element_type=\"widget\" data-widget_type=\"text-editor.default\">\n\t\t\t\t\t\t\t\t\t<p>Sie zeichnet sich durch \u00dcberschaubarkeit und K\u00fcrze aus. Schnelle und pr\u00e4gnante Informationen \u00fcber die Firma und ihr Angebot, oft zusammengefasst auf nur einer Seite. Ideal f\u00fcr Freiberufler, K\u00fcnstler und Kleinunternehmer.<\/p>\t\t\t\t\t\t\t\t<\/div>\n\t\t\t\t<div class=\"elementor-element elementor-element-e1f001e elementor-widget elementor-widget-heading\" data-id=\"e1f001e\" data-element_type=\"widget\" data-widget_type=\"heading.default\">\n\t\t\t\t\t<h2 class=\"elementor-heading-title elementor-size-default\">KLEINE INTERNETSEITE<\/h2>\t\t\t\t<\/div>\n\t\t\t\t<div class=\"elementor-element elementor-element-6c88566 elementor-widget elementor-widget-text-editor\" data-id=\"6c88566\" data-element_type=\"widget\" data-widget_type=\"text-editor.default\">\n\t\t\t\t\t\t\t\t\t<p>Sie informiert umfassender auf etwa 5-10 Inhaltsseiten \u00fcber ein breiteres Spektrum, das sich selten \u00e4ndert. Die Webseite wird in statischem HTML und CSS umgesetzt.Sie wird \u00fcberwiegend von kleinen bis mittelst\u00e4ndischen Unternehmen genutzt, die ein stabiles, breites Angebot gezielt im Internet pr\u00e4sentieren m\u00f6chten.<\/p>\t\t\t\t\t\t\t\t<\/div>\n\t\t\t\t\t<\/div>\n\t\t\t\t<\/div>\n\t\t\t\t<\/div>\n\t\t","protected":false},"excerpt":{"rendered":"<p>Webcreation Bundt steht seit vielen Jahren f\u00fcr modernes und individuelles Webdesign. Jede Webseite wird passgenau auf die W\u00fcnsche der Kunden zugeschnitten \u2013 von der klaren Struktur \u00fcber ein ansprechendes Design bis hin zur mobilen Optimierung.<\/p>\n","protected":false},"author":1,"featured_media":183,"parent":0,"menu_order":0,"comment_status":"closed","ping_status":"closed","template":"","meta":{"footnotes":""},"class_list":["post-72","page","type-page","status-publish","has-post-thumbnail","hentry"],"aioseo_notices":[],"_links":{"self":[{"href":"https:\/\/2025neu.webcreation-bundt.de\/index.php\/wp-json\/wp\/v2\/pages\/72","targetHints":{"allow":["GET"]}}],"collection":[{"href":"https:\/\/2025neu.webcreation-bundt.de\/index.php\/wp-json\/wp\/v2\/pages"}],"about":[{"href":"https:\/\/2025neu.webcreation-bundt.de\/index.php\/wp-json\/wp\/v2\/types\/page"}],"author":[{"embeddable":true,"href":"https:\/\/2025neu.webcreation-bundt.de\/index.php\/wp-json\/wp\/v2\/users\/1"}],"replies":[{"embeddable":true,"href":"https:\/\/2025neu.webcreation-bundt.de\/index.php\/wp-json\/wp\/v2\/comments?post=72"}],"version-history":[{"count":49,"href":"https:\/\/2025neu.webcreation-bundt.de\/index.php\/wp-json\/wp\/v2\/pages\/72\/revisions"}],"predecessor-version":[{"id":427,"href":"https:\/\/2025neu.webcreation-bundt.de\/index.php\/wp-json\/wp\/v2\/pages\/72\/revisions\/427"}],"wp:featuredmedia":[{"embeddable":true,"href":"https:\/\/2025neu.webcreation-bundt.de\/index.php\/wp-json\/wp\/v2\/media\/183"}],"wp:attachment":[{"href":"https:\/\/2025neu.webcreation-bundt.de\/index.php\/wp-json\/wp\/v2\/media?parent=72"}],"curies":[{"name":"wp","href":"https:\/\/api.w.org\/{rel}","templated":true}]}}