{"id":74,"date":"2025-08-22T14:10:32","date_gmt":"2025-08-22T14:10:32","guid":{"rendered":"https:\/\/2025neu.webcreation-bundt.de\/?page_id=74"},"modified":"2025-08-23T13:28:39","modified_gmt":"2025-08-23T13:28:39","slug":"printmedien","status":"publish","type":"page","link":"https:\/\/2025neu.webcreation-bundt.de\/index.php\/printmedien\/","title":{"rendered":"PRINTMEDIEN"},"content":{"rendered":"\t\t<div data-elementor-type=\"wp-page\" data-elementor-id=\"74\" class=\"elementor elementor-74\" data-elementor-post-type=\"page\">\n\t\t\t\t<div class=\"elementor-element elementor-element-8c53e6d e-flex e-con-boxed e-con e-parent\" data-id=\"8c53e6d\" data-element_type=\"container\" data-settings=\"{&quot;background_background&quot;:&quot;slideshow&quot;,&quot;jet_parallax_layout_list&quot;:[],&quot;background_slideshow_gallery&quot;:[{&quot;id&quot;:279,&quot;url&quot;:&quot;https:\\\/\\\/2025neu.webcreation-bundt.de\\\/wp-content\\\/uploads\\\/2025\\\/08\\\/2025_SLIDER_Printmedien.webp&quot;}],&quot;background_slideshow_loop&quot;:&quot;yes&quot;,&quot;background_slideshow_slide_duration&quot;:5000,&quot;background_slideshow_slide_transition&quot;:&quot;fade&quot;,&quot;background_slideshow_transition_duration&quot;:500}\">\n\t\t\t\t\t<div class=\"e-con-inner\">\n\t\t\t\t\t<\/div>\n\t\t\t\t<\/div>\n\t\t<div class=\"elementor-element elementor-element-71f5b93 e-flex e-con-boxed e-con e-parent\" data-id=\"71f5b93\" data-element_type=\"container\" data-settings=\"{&quot;jet_parallax_layout_list&quot;:[]}\">\n\t\t\t\t\t<div class=\"e-con-inner\">\n\t\t\t\t<div class=\"elementor-element elementor-element-6295aee elementor-widget-divider--view-line_text elementor-widget-divider--element-align-left elementor-invisible elementor-widget elementor-widget-divider\" data-id=\"6295aee\" data-element_type=\"widget\" data-settings=\"{&quot;_animation&quot;:&quot;fadeInLeft&quot;}\" data-widget_type=\"divider.default\">\n\t\t\t\t\t\t\t<div class=\"elementor-divider\">\n\t\t\t<span class=\"elementor-divider-separator\">\n\t\t\t\t\t\t\t<span class=\"elementor-divider__text elementor-divider__element\">\n\t\t\t\tPRINTMEDIEN\t\t\t\t<\/span>\n\t\t\t\t\t\t<\/span>\n\t\t<\/div>\n\t\t\t\t\t\t<\/div>\n\t\t<div class=\"elementor-element elementor-element-1507400 e-con-full e-flex e-con e-child\" data-id=\"1507400\" data-element_type=\"container\" data-settings=\"{&quot;jet_parallax_layout_list&quot;:[]}\">\n\t\t<div class=\"elementor-element elementor-element-46fe786 e-con-full e-flex e-con e-child\" data-id=\"46fe786\" data-element_type=\"container\" data-settings=\"{&quot;jet_parallax_layout_list&quot;:[]}\">\n\t\t\t\t<div class=\"elementor-element elementor-element-ed5d0d7 elementor-invisible elementor-widget elementor-widget-text-editor\" data-id=\"ed5d0d7\" data-element_type=\"widget\" data-settings=\"{&quot;_animation&quot;:&quot;fadeInRight&quot;}\" data-widget_type=\"text-editor.default\">\n\t\t\t\t\t\t\t\t\t<p>Ein Corporate Design st\u00e4rkt Ihren Wiedererkennungswert und den Erfolg auf dem Markt. Die Homepage ist hier nur ein Teil. Das Logo und Design kehrt wieder auf Briefk\u00f6pfen, Visitenkarten, Flyern, Drucksachen und Give-away-Produkten.<\/p><p>Ich entwickle Ihnen die passende Corporate Identity f\u00fcr Ihr Unternehmen und setze es auf allen gew\u00fcnschten Produkten um.<\/p>\t\t\t\t\t\t\t\t<\/div>\n\t\t\t\t<\/div>\n\t\t\t\t<\/div>\n\t\t\t\t\t<\/div>\n\t\t\t\t<\/div>\n\t\t<div class=\"elementor-element elementor-element-ff0e3b4 e-flex e-con-boxed e-con e-parent\" data-id=\"ff0e3b4\" data-element_type=\"container\" data-settings=\"{&quot;jet_parallax_layout_list&quot;:[]}\">\n\t\t\t\t\t<div class=\"e-con-inner\">\n\t\t<div class=\"elementor-element elementor-element-35e9600 e-con-full e-flex elementor-invisible e-con e-child\" data-id=\"35e9600\" data-element_type=\"container\" data-settings=\"{&quot;jet_parallax_layout_list&quot;:[],&quot;animation&quot;:&quot;fadeInLeft&quot;}\">\n\t\t\t\t<div class=\"elementor-element elementor-element-281f5fa elementor-widget elementor-widget-image\" data-id=\"281f5fa\" data-element_type=\"widget\" data-widget_type=\"image.default\">\n\t\t\t\t\t\t\t\t\t\t\t\t\t\t\t<img fetchpriority=\"high\" decoding=\"async\" width=\"732\" height=\"1024\" src=\"https:\/\/2025neu.webcreation-bundt.de\/wp-content\/uploads\/2025\/08\/2025_GRAFIK_LOGODESIGN_1200px-732x1024.webp\" class=\"attachment-large size-large wp-image-296\" alt=\"Logodesign von Webcreation Bundt\" srcset=\"https:\/\/2025neu.webcreation-bundt.de\/wp-content\/uploads\/2025\/08\/2025_GRAFIK_LOGODESIGN_1200px-732x1024.webp 732w, https:\/\/2025neu.webcreation-bundt.de\/wp-content\/uploads\/2025\/08\/2025_GRAFIK_LOGODESIGN_1200px-215x300.webp 215w, https:\/\/2025neu.webcreation-bundt.de\/wp-content\/uploads\/2025\/08\/2025_GRAFIK_LOGODESIGN_1200px-768x1074.webp 768w, https:\/\/2025neu.webcreation-bundt.de\/wp-content\/uploads\/2025\/08\/2025_GRAFIK_LOGODESIGN_1200px.webp 858w\" sizes=\"(max-width: 732px) 100vw, 732px\" \/>\t\t\t\t\t\t\t\t\t\t\t\t\t\t\t<\/div>\n\t\t\t\t<div class=\"elementor-element elementor-element-c6365fc elementor-widget elementor-widget-text-editor\" data-id=\"c6365fc\" data-element_type=\"widget\" data-widget_type=\"text-editor.default\">\n\t\t\t\t\t\t\t\t\t<p>Geht schnell ins Auge und bleibt haften. Was w\u00e4re Mercedes Benz ohne Stern oder McDonalds ohne sein \u201egoldenes M\u201c.<\/p><p>Ich entwickle f\u00fcr Sie das passende Logo oder unterst\u00fctze Sie dabei Ihre eigene Idee zu verwirklichen.<\/p>\t\t\t\t\t\t\t\t<\/div>\n\t\t\t\t<\/div>\n\t\t<div class=\"elementor-element elementor-element-9e34125 e-con-full e-flex elementor-invisible e-con e-child\" data-id=\"9e34125\" data-element_type=\"container\" data-settings=\"{&quot;jet_parallax_layout_list&quot;:[],&quot;animation&quot;:&quot;fadeInLeft&quot;,&quot;animation_delay&quot;:100}\">\n\t\t\t\t<div class=\"elementor-element elementor-element-a9f5bb1 elementor-widget elementor-widget-image\" data-id=\"a9f5bb1\" data-element_type=\"widget\" data-widget_type=\"image.default\">\n\t\t\t\t\t\t\t\t\t\t\t\t\t\t\t<img decoding=\"async\" width=\"732\" height=\"1024\" src=\"https:\/\/2025neu.webcreation-bundt.de\/wp-content\/uploads\/2025\/08\/2025_GRAFIK_Flyer_1200px-732x1024.webp\" class=\"attachment-large size-large wp-image-295\" alt=\"Flyer von Webcreation Bundt\" srcset=\"https:\/\/2025neu.webcreation-bundt.de\/wp-content\/uploads\/2025\/08\/2025_GRAFIK_Flyer_1200px-732x1024.webp 732w, https:\/\/2025neu.webcreation-bundt.de\/wp-content\/uploads\/2025\/08\/2025_GRAFIK_Flyer_1200px-215x300.webp 215w, https:\/\/2025neu.webcreation-bundt.de\/wp-content\/uploads\/2025\/08\/2025_GRAFIK_Flyer_1200px-768x1074.webp 768w, https:\/\/2025neu.webcreation-bundt.de\/wp-content\/uploads\/2025\/08\/2025_GRAFIK_Flyer_1200px.webp 858w\" sizes=\"(max-width: 732px) 100vw, 732px\" \/>\t\t\t\t\t\t\t\t\t\t\t\t\t\t\t<\/div>\n\t\t\t\t<div class=\"elementor-element elementor-element-f0a6cfb elementor-widget elementor-widget-text-editor\" data-id=\"f0a6cfb\" data-element_type=\"widget\" data-widget_type=\"text-editor.default\">\n\t\t\t\t\t\t\t\t\t<p>Da hat man was in der Hand! Klingt altmodisch, aber vor allem wenn Sie auf Regionalit\u00e4t setzen ein sehr wirksames Werbemittel.<\/p><p>Ich gestalte Ihnen einen Flyer \/ Plakat der Ihre Leistung optimal zur Geltung bringt und zu Ihrem Corporate Design passt.<\/p>\t\t\t\t\t\t\t\t<\/div>\n\t\t\t\t<\/div>\n\t\t<div class=\"elementor-element elementor-element-020423f e-con-full e-flex elementor-invisible e-con e-child\" data-id=\"020423f\" data-element_type=\"container\" data-settings=\"{&quot;jet_parallax_layout_list&quot;:[],&quot;animation&quot;:&quot;fadeInRight&quot;,&quot;animation_delay&quot;:100}\">\n\t\t\t\t<div class=\"elementor-element elementor-element-083170b elementor-widget elementor-widget-image\" data-id=\"083170b\" data-element_type=\"widget\" data-widget_type=\"image.default\">\n\t\t\t\t\t\t\t\t\t\t\t\t\t\t\t<img decoding=\"async\" width=\"732\" height=\"1024\" src=\"https:\/\/2025neu.webcreation-bundt.de\/wp-content\/uploads\/2025\/08\/2025_GRAFIK_VISITENKARTEN_1200px-732x1024.webp\" class=\"attachment-large size-large wp-image-298\" alt=\"\" srcset=\"https:\/\/2025neu.webcreation-bundt.de\/wp-content\/uploads\/2025\/08\/2025_GRAFIK_VISITENKARTEN_1200px-732x1024.webp 732w, https:\/\/2025neu.webcreation-bundt.de\/wp-content\/uploads\/2025\/08\/2025_GRAFIK_VISITENKARTEN_1200px-215x300.webp 215w, https:\/\/2025neu.webcreation-bundt.de\/wp-content\/uploads\/2025\/08\/2025_GRAFIK_VISITENKARTEN_1200px-768x1074.webp 768w, https:\/\/2025neu.webcreation-bundt.de\/wp-content\/uploads\/2025\/08\/2025_GRAFIK_VISITENKARTEN_1200px.webp 858w\" sizes=\"(max-width: 732px) 100vw, 732px\" \/>\t\t\t\t\t\t\t\t\t\t\t\t\t\t\t<\/div>\n\t\t\t\t<div class=\"elementor-element elementor-element-741835e elementor-widget elementor-widget-text-editor\" data-id=\"741835e\" data-element_type=\"widget\" data-widget_type=\"text-editor.default\">\n\t\t\t\t\t\t\t\t\t<p>Mit einer Visitenkarte binden Sie fl\u00fcchtige Bekanntschaft an sich.<\/p><p>Irgendwo findet man sie immer wieder und mit dem Hinweis auf ihre Homepage kommt es sicherlich zu einem interessanten Gesch\u00e4ftskontakt.<\/p>\t\t\t\t\t\t\t\t<\/div>\n\t\t\t\t<\/div>\n\t\t<div class=\"elementor-element elementor-element-bfe8f7b e-con-full e-flex elementor-invisible e-con e-child\" data-id=\"bfe8f7b\" data-element_type=\"container\" data-settings=\"{&quot;jet_parallax_layout_list&quot;:[],&quot;animation&quot;:&quot;fadeInRight&quot;}\">\n\t\t\t\t<div class=\"elementor-element elementor-element-ac2802b elementor-widget elementor-widget-image\" data-id=\"ac2802b\" data-element_type=\"widget\" data-widget_type=\"image.default\">\n\t\t\t\t\t\t\t\t\t\t\t\t\t\t\t<img loading=\"lazy\" decoding=\"async\" width=\"732\" height=\"1024\" src=\"https:\/\/2025neu.webcreation-bundt.de\/wp-content\/uploads\/2025\/08\/2025_GRAFIK_SONSTIGES_1200px-732x1024.webp\" class=\"attachment-large size-large wp-image-297\" alt=\"Sonstiges von Webcreation Bundt\" srcset=\"https:\/\/2025neu.webcreation-bundt.de\/wp-content\/uploads\/2025\/08\/2025_GRAFIK_SONSTIGES_1200px-732x1024.webp 732w, https:\/\/2025neu.webcreation-bundt.de\/wp-content\/uploads\/2025\/08\/2025_GRAFIK_SONSTIGES_1200px-215x300.webp 215w, https:\/\/2025neu.webcreation-bundt.de\/wp-content\/uploads\/2025\/08\/2025_GRAFIK_SONSTIGES_1200px-768x1074.webp 768w, https:\/\/2025neu.webcreation-bundt.de\/wp-content\/uploads\/2025\/08\/2025_GRAFIK_SONSTIGES_1200px.webp 858w\" sizes=\"(max-width: 732px) 100vw, 732px\" \/>\t\t\t\t\t\t\t\t\t\t\t\t\t\t\t<\/div>\n\t\t\t\t<div class=\"elementor-element elementor-element-c3b36c5 elementor-widget elementor-widget-text-editor\" data-id=\"c3b36c5\" data-element_type=\"widget\" data-widget_type=\"text-editor.default\">\n\t\t\t\t\t\t\t\t\t<p>Wir entwerfen Ihnen auch Einladungskarten, Tischkarten , Zollst\u00f6cke, Nummernschild Halterungen f\u00fcr Fahrzeuge, Planen f\u00fcr Bauz\u00e4une, Kaffeetassen und viele weitere Werbegeschenke f\u00fcr Ihr Unternehmen oder Ihre Veranstaltung.<\/p>\t\t\t\t\t\t\t\t<\/div>\n\t\t\t\t<\/div>\n\t\t\t\t\t<\/div>\n\t\t\t\t<\/div>\n\t\t\t\t<\/div>\n\t\t","protected":false},"excerpt":{"rendered":"<p>PRINTMEDIEN Ein Corporate Design st\u00e4rkt Ihren Wiedererkennungswert und den Erfolg auf dem Markt. Die Homepage ist hier nur ein Teil. Das Logo und Design kehrt wieder auf Briefk\u00f6pfen, Visitenkarten, Flyern, Drucksachen und Give-away-Produkten. Ich entwickle Ihnen die passende Corporate Identity f\u00fcr Ihr Unternehmen und setze es auf allen gew\u00fcnschten Produkten um. Geht schnell ins Auge [&hellip;]<\/p>\n","protected":false},"author":1,"featured_media":179,"parent":0,"menu_order":0,"comment_status":"closed","ping_status":"closed","template":"","meta":{"footnotes":""},"class_list":["post-74","page","type-page","status-publish","has-post-thumbnail","hentry"],"aioseo_notices":[],"_links":{"self":[{"href":"https:\/\/2025neu.webcreation-bundt.de\/index.php\/wp-json\/wp\/v2\/pages\/74","targetHints":{"allow":["GET"]}}],"collection":[{"href":"https:\/\/2025neu.webcreation-bundt.de\/index.php\/wp-json\/wp\/v2\/pages"}],"about":[{"href":"https:\/\/2025neu.webcreation-bundt.de\/index.php\/wp-json\/wp\/v2\/types\/page"}],"author":[{"embeddable":true,"href":"https:\/\/2025neu.webcreation-bundt.de\/index.php\/wp-json\/wp\/v2\/users\/1"}],"replies":[{"embeddable":true,"href":"https:\/\/2025neu.webcreation-bundt.de\/index.php\/wp-json\/wp\/v2\/comments?post=74"}],"version-history":[{"count":22,"href":"https:\/\/2025neu.webcreation-bundt.de\/index.php\/wp-json\/wp\/v2\/pages\/74\/revisions"}],"predecessor-version":[{"id":313,"href":"https:\/\/2025neu.webcreation-bundt.de\/index.php\/wp-json\/wp\/v2\/pages\/74\/revisions\/313"}],"wp:featuredmedia":[{"embeddable":true,"href":"https:\/\/2025neu.webcreation-bundt.de\/index.php\/wp-json\/wp\/v2\/media\/179"}],"wp:attachment":[{"href":"https:\/\/2025neu.webcreation-bundt.de\/index.php\/wp-json\/wp\/v2\/media?parent=74"}],"curies":[{"name":"wp","href":"https:\/\/api.w.org\/{rel}","templated":true}]}}