{"id":76,"date":"2025-08-22T14:10:48","date_gmt":"2025-08-22T14:10:48","guid":{"rendered":"https:\/\/2025neu.webcreation-bundt.de\/?page_id=76"},"modified":"2025-08-23T16:10:11","modified_gmt":"2025-08-23T16:10:11","slug":"beratung","status":"publish","type":"page","link":"https:\/\/2025neu.webcreation-bundt.de\/index.php\/beratung\/","title":{"rendered":"BERATUNG"},"content":{"rendered":"\t\t<div data-elementor-type=\"wp-page\" data-elementor-id=\"76\" class=\"elementor elementor-76\" data-elementor-post-type=\"page\">\n\t\t\t\t<div class=\"elementor-element elementor-element-9816bbb e-flex e-con-boxed e-con e-parent\" data-id=\"9816bbb\" data-element_type=\"container\" data-settings=\"{&quot;background_background&quot;:&quot;slideshow&quot;,&quot;jet_parallax_layout_list&quot;:[],&quot;background_slideshow_gallery&quot;:[{&quot;id&quot;:348,&quot;url&quot;:&quot;https:\\\/\\\/2025neu.webcreation-bundt.de\\\/wp-content\\\/uploads\\\/2025\\\/08\\\/2025_SLIDER_Beratung2.webp&quot;}],&quot;background_slideshow_loop&quot;:&quot;yes&quot;,&quot;background_slideshow_slide_duration&quot;:5000,&quot;background_slideshow_slide_transition&quot;:&quot;fade&quot;,&quot;background_slideshow_transition_duration&quot;:500}\">\n\t\t\t\t\t<div class=\"e-con-inner\">\n\t\t\t\t\t<\/div>\n\t\t\t\t<\/div>\n\t\t<div class=\"elementor-element elementor-element-c2a5b23 e-flex e-con-boxed e-con e-parent\" data-id=\"c2a5b23\" data-element_type=\"container\" data-settings=\"{&quot;jet_parallax_layout_list&quot;:[]}\">\n\t\t\t\t\t<div class=\"e-con-inner\">\n\t\t\t\t<div class=\"elementor-element elementor-element-95b2c64 elementor-widget elementor-widget-jet-headline\" data-id=\"95b2c64\" data-element_type=\"widget\" data-widget_type=\"jet-headline.default\">\n\t\t\t\t<div class=\"elementor-widget-container\">\n\t\t\t\t\t<h2 class=\"jet-headline jet-headline--direction-horizontal\"><span class=\"jet-headline__part jet-headline__first\"><span class=\"jet-headline__label\">Beratung von Webcreation Bundt \u2013<\/span><\/span><span class=\"jet-headline__part jet-headline__second\"><span class=\"jet-headline__label\"> Ihr Partner f\u00fcr erfolgreiche Webseiten<\/span><\/span><\/h2>\t\t\t\t<\/div>\n\t\t\t\t<\/div>\n\t\t\t\t<div class=\"elementor-element elementor-element-78b5704 elementor-widget elementor-widget-text-editor\" data-id=\"78b5704\" data-element_type=\"widget\" data-widget_type=\"text-editor.default\">\n\t\t\t\t\t\t\t\t\t<p data-start=\"205\" data-end=\"625\">Eine gute Webseite entsteht nicht zuf\u00e4llig \u2013 sie ist das Ergebnis von durchdachter Planung, klarer Strategie und professioneller Umsetzung. Genau hier setzt die <strong data-start=\"366\" data-end=\"400\">Beratung von Webcreation Bundt<\/strong> an. Bevor ein Projekt startet, nehmen wir uns Zeit, Ihre individuellen W\u00fcnsche, Ziele und Zielgruppen kennenzulernen. Denn nur wer seine Kunden versteht, kann auch eine Webseite entwickeln, die langfristig erfolgreich ist.<\/p><p data-start=\"627\" data-end=\"988\">Besonderen Fokus legen wir auf <strong data-start=\"658\" data-end=\"671\">WordPress<\/strong>, das weltweit f\u00fchrende Content-Management-System. In der Beratung erkl\u00e4ren wir Ihnen verst\u00e4ndlich, welche M\u00f6glichkeiten WordPress bietet und wie es optimal auf Ihre Anforderungen zugeschnitten werden kann \u2013 sei es f\u00fcr eine moderne Firmenwebseite, einen Blog oder einen leistungsstarken Online-Shop mit WooCommerce.<\/p><p data-start=\"990\" data-end=\"1341\">Wir begleiten Sie von der ersten Idee \u00fcber die Designauswahl und Strukturplanung bis hin zur technischen Umsetzung. Dabei erhalten Sie nicht nur Empfehlungen f\u00fcr ein stimmiges Layout und eine benutzerfreundliche Navigation, sondern auch Hinweise zu <strong data-start=\"1239\" data-end=\"1246\">SEO<\/strong>, <strong data-start=\"1248\" data-end=\"1262\">Sicherheit<\/strong> und <strong data-start=\"1267\" data-end=\"1278\">Updates<\/strong>, damit Ihre Webseite langfristig stabil und sichtbar bleibt.<\/p><p data-start=\"1343\" data-end=\"1624\">Unsere Beratung endet nicht mit dem Go-Live: Wir stehen Ihnen auch danach zur Seite \u2013 mit <strong data-start=\"1433\" data-end=\"1447\">Schulungen<\/strong>, individueller Betreuung und Support, damit Sie Ihre Webseite jederzeit eigenst\u00e4ndig pflegen und erweitern k\u00f6nnen. So wird Ihre Internetpr\u00e4senz zu einem echten Erfolgsfaktor.<\/p>\t\t\t\t\t\t\t\t<\/div>\n\t\t\t\t\t<\/div>\n\t\t\t\t<\/div>\n\t\t<div class=\"elementor-element elementor-element-7c8049c e-flex e-con-boxed e-con e-parent\" data-id=\"7c8049c\" data-element_type=\"container\" data-settings=\"{&quot;jet_parallax_layout_list&quot;:[]}\">\n\t\t\t\t\t<div class=\"e-con-inner\">\n\t\t\t\t<div class=\"elementor-element elementor-element-6199a43 elementor-widget-divider--view-line_text elementor-widget-divider--element-align-left elementor-invisible elementor-widget elementor-widget-divider\" data-id=\"6199a43\" data-element_type=\"widget\" data-settings=\"{&quot;_animation&quot;:&quot;fadeInLeft&quot;}\" data-widget_type=\"divider.default\">\n\t\t\t\t\t\t\t<div class=\"elementor-divider\">\n\t\t\t<span class=\"elementor-divider-separator\">\n\t\t\t\t\t\t\t<span class=\"elementor-divider__text elementor-divider__element\">\n\t\t\t\tWARUM EINE PROFESSIONELLE HOMEPAGE?\t\t\t\t<\/span>\n\t\t\t\t\t\t<\/span>\n\t\t<\/div>\n\t\t\t\t\t\t<\/div>\n\t\t<div class=\"elementor-element elementor-element-f013a3d e-con-full e-flex e-con e-child\" data-id=\"f013a3d\" data-element_type=\"container\" data-settings=\"{&quot;jet_parallax_layout_list&quot;:[]}\">\n\t\t<div class=\"elementor-element elementor-element-661cc5e e-con-full e-flex e-con e-child\" data-id=\"661cc5e\" data-element_type=\"container\" data-settings=\"{&quot;jet_parallax_layout_list&quot;:[]}\">\n\t\t\t\t<div class=\"elementor-element elementor-element-1ac4b51 elementor-invisible elementor-widget elementor-widget-text-editor\" data-id=\"1ac4b51\" data-element_type=\"widget\" data-settings=\"{&quot;_animation&quot;:&quot;fadeInRight&quot;}\" data-widget_type=\"text-editor.default\">\n\t\t\t\t\t\t\t\t\t<p>Unverst\u00e4ndlicherweise messen immer noch zu viele Unternehmen ihrem eigenen Webauftritt nicht die n\u00f6tige Bedeutung bei \u2013 sie l\u00e4uft so nebenbei mit und wird \u00fcber Monate, gar Jahre, nicht aktualisiert. Doch nicht erst seit der Corona-Pandemie spielt die Internetpr\u00e4sens im Unternehmeralltag eine wichtige Rolle \u2013 auch ohne Webshop.<\/p>\t\t\t\t\t\t\t\t<\/div>\n\t\t\t\t<div class=\"elementor-element elementor-element-3699c75 elementor-invisible elementor-widget elementor-widget-text-editor\" data-id=\"3699c75\" data-element_type=\"widget\" data-settings=\"{&quot;_animation&quot;:&quot;fadeInRight&quot;}\" data-widget_type=\"text-editor.default\">\n\t\t\t\t\t\t\t\t\t<section class=\"elementor-section elementor-top-section elementor-element elementor-element-a176593 elementor-section-boxed elementor-section-height-default elementor-section-height-default\" data-id=\"a176593\" data-element_type=\"section\"><div class=\"elementor-container elementor-column-gap-default\"><div class=\"elementor-column elementor-col-100 elementor-top-column elementor-element elementor-element-d4188e2\" data-id=\"d4188e2\" data-element_type=\"column\"><div class=\"elementor-widget-wrap elementor-element-populated\"><div class=\"elementor-element elementor-element-bf11726 elementor-widget elementor-widget-text-editor animated fadeInLeft\" data-id=\"bf11726\" data-element_type=\"widget\" data-settings=\"{&quot;_animation&quot;:&quot;fadeInLeft&quot;,&quot;_animation_delay&quot;:0}\" data-widget_type=\"text-editor.default\"><div id=\"sppb-addon-wrapper-1624696293409\" class=\"sppb-addon-wrapper\"><div id=\"sppb-addon-1624696293409\" class=\"clearfix \"><div class=\"sppb-addon sppb-addon-text-block uk-text-left \"><div class=\"sppb-addon-content\"><p>Aufgrund einer perfekten Homepage verkaufen Sie nicht unbedingt mehr von Ihrer Dienstleistung, es ist aber eine wichtige Visitenkarte und damit Basis f\u00fcr zuk\u00fcnftige Gesch\u00e4fte:<\/p><\/div><\/div><\/div><\/div><\/div><\/div><\/div><\/div><\/section><section class=\"elementor-section elementor-top-section elementor-element elementor-element-f1d50d8 elementor-section-boxed elementor-section-height-default elementor-section-height-default\" data-id=\"f1d50d8\" data-element_type=\"section\"><div class=\"elementor-container elementor-column-gap-default\"><div class=\"elementor-column elementor-col-100 elementor-top-column elementor-element elementor-element-adccf7c\" data-id=\"adccf7c\" data-element_type=\"column\"><div class=\"elementor-widget-wrap elementor-element-populated\"><div class=\"elementor-element elementor-element-25be0df elementor-widget elementor-widget-tp-style-list animated fadeInLeft\" data-id=\"25be0df\" data-element_type=\"widget\" data-settings=\"{&quot;_animation&quot;:&quot;fadeInLeft&quot;,&quot;_animation_delay&quot;:100}\" data-widget_type=\"tp-style-list.default\"><div class=\"elementor-widget-container\"><div class=\"plus-stylist-list-wrapper     \" data-layout=\"{&quot;desktop&quot;:&quot;default&quot;,&quot;tablet&quot;:&quot;default&quot;,&quot;mobile&quot;:&quot;default&quot;}\"><ul class=\"plus-icon-list-items d-flex-top\"><li id=\"tooltip68a9e15b05fdd\" class=\"plus-icon-list-item elementor-repeater-item-5da2de2   active\" data-local=\"true\"><div class=\"plus-icon-list-icon \">Eine professionelle Homepage tr\u00e4gt zu Ihrer Bekanntheit und zu einem positiven Image bei. Nach einer ersten Gesch\u00e4ftsanbahnung informieren sich zuk\u00fcnftige Kunden in der Regel zuerst im Internet \u00fcber Sie. Deshalb ist ein professionelles Auftreten existenziell, um als neuer Gesch\u00e4ftspartner in Frage zu kommen.<\/div><\/li><li id=\"tooltip68a9e15b06042\" class=\"plus-icon-list-item elementor-repeater-item-139eb01   \" data-local=\"true\"><div class=\"plus-icon-list-icon \">Es geht nicht nur um das Verkaufen \u2013 die eigene Firmenhomepage ist eine sehr wichtige Informationsquelle f\u00fcr Bewerber. Nutzen Sie Ihre Homepage erfolgreich im Kampf gegen den Fachkr\u00e4ftemangel, denn Bewerber informieren sich hier \u00fcber ihren zuk\u00fcnftigen Arbeitgeber. Hier sind eigene Unterseiten zum Thema \u201eArbeiten im Unternehmen\u201c wichtig. Sie helfen, Ihr Image als attraktiver Arbeitgeber erheblich zu verbessern. Strahlt Ihre Homepage Professionalit\u00e4t aus, ist das oft der entscheidende Impuls eines Interessierten, sich bei Ihnen zu bewerben.<\/div><\/li><li id=\"tooltip68a9e15b06073\" class=\"plus-icon-list-item elementor-repeater-item-2a62393   \" data-local=\"true\"><div class=\"plus-icon-list-icon \">Je nach Unternehmenssparte verdienen Sie auch direkt Ihr Geld mit der Homepage \u00fcber Webshop, Kundenanfragen, Buchungen oder Reservierungen. Nutzen sie einen einfachen Zugang f\u00fcr Ihre Kunden.<\/div><\/li><\/ul><\/div><\/div><\/div><\/div><\/div><\/div><\/section>\t\t\t\t\t\t\t\t<\/div>\n\t\t\t\t<div class=\"elementor-element elementor-element-7cf075c elementor-invisible elementor-widget elementor-widget-text-editor\" data-id=\"7cf075c\" data-element_type=\"widget\" data-settings=\"{&quot;_animation&quot;:&quot;fadeInRight&quot;}\" data-widget_type=\"text-editor.default\">\n\t\t\t\t\t\t\t\t\t<p>\u00dcberlassen Sie dies alles nicht dem Zufall! Wir bieten Ihnen die n\u00f6tige Unterst\u00fctzung, die Sie zur Umsetzung einer Homepage ben\u00f6tigen. Dazu geh\u00f6rt eine ausf\u00fchrliche Beratung im Vorfeld sowie unser Know-how bei Programmierung und Gestaltung.<\/p>\t\t\t\t\t\t\t\t<\/div>\n\t\t\t\t<div class=\"elementor-element elementor-element-ca36779 elementor-invisible elementor-widget elementor-widget-text-editor\" data-id=\"ca36779\" data-element_type=\"widget\" data-settings=\"{&quot;_animation&quot;:&quot;fadeInRight&quot;}\" data-widget_type=\"text-editor.default\">\n\t\t\t\t\t\t\t\t\t<p>Wir begleiten sie bei allen notwendigen Themen:<\/p>\t\t\t\t\t\t\t\t<\/div>\n\t\t<div class=\"elementor-element elementor-element-7567e0a e-con-full e-flex e-con e-child\" data-id=\"7567e0a\" data-element_type=\"container\" data-settings=\"{&quot;jet_parallax_layout_list&quot;:[]}\">\n\t\t<div class=\"elementor-element elementor-element-064f0a7 e-con-full e-flex e-con e-child\" data-id=\"064f0a7\" data-element_type=\"container\" data-settings=\"{&quot;jet_parallax_layout_list&quot;:[]}\">\n\t\t\t\t<div class=\"elementor-element elementor-element-26bb0bc elementor-invisible elementor-widget elementor-widget-text-editor\" data-id=\"26bb0bc\" data-element_type=\"widget\" data-settings=\"{&quot;_animation&quot;:&quot;fadeInRight&quot;}\" data-widget_type=\"text-editor.default\">\n\t\t\t\t\t\t\t\t\t<ul><li class=\"tm-item\"><div class=\"uk-grid-small uk-child-width-expand uk-flex-nowrap uk-flex-middle uk-grid\"><div><div class=\"tm-content uk-panel\"><p>Technische Voraussetzungen und Programmierung<\/p><\/div><\/div><\/div><\/li><li class=\"tm-item\"><div class=\"uk-grid-small uk-child-width-expand uk-flex-nowrap uk-flex-middle uk-grid\"><div class=\"uk-width-auto uk-first-column\"><div class=\"tm-custom-icon\"><div class=\"tm-content uk-panel\"><p>Seitenaufbau<\/p><\/div><\/div><\/div><\/div><\/li><li class=\"tm-item\"><div class=\"uk-grid-small uk-child-width-expand uk-flex-nowrap uk-flex-middle uk-grid\"><div class=\"uk-width-auto uk-first-column\"><div class=\"tm-custom-icon\"><div class=\"tm-content uk-panel\"><p>Erstellung der erforderlichen, redaktioneller Inhalte<\/p><\/div><\/div><\/div><\/div><\/li><li class=\"tm-item\"><div class=\"uk-grid-small uk-child-width-expand uk-flex-nowrap uk-flex-middle uk-grid\"><div class=\"uk-width-auto uk-first-column\"><div class=\"tm-custom-icon\"><div class=\"tm-content uk-panel\"><p>Fotografie und Bildbearbeitung<\/p><\/div><\/div><\/div><\/div><\/li><\/ul>\t\t\t\t\t\t\t\t<\/div>\n\t\t\t\t<\/div>\n\t\t<div class=\"elementor-element elementor-element-ee9baf1 e-con-full e-flex e-con e-child\" data-id=\"ee9baf1\" data-element_type=\"container\" data-settings=\"{&quot;jet_parallax_layout_list&quot;:[]}\">\n\t\t\t\t<div class=\"elementor-element elementor-element-7084747 elementor-invisible elementor-widget elementor-widget-text-editor\" data-id=\"7084747\" data-element_type=\"widget\" data-settings=\"{&quot;_animation&quot;:&quot;fadeInRight&quot;}\" data-widget_type=\"text-editor.default\">\n\t\t\t\t\t\t\t\t\t<ul><li class=\"tm-item\"><div class=\"uk-grid-small uk-child-width-expand uk-flex-nowrap uk-flex-middle uk-grid\"><div><div class=\"tm-content uk-panel\"><p>Wir beraten Sie in Sachen Hosting<\/p><\/div><\/div><\/div><\/li><li class=\"tm-item\"><div class=\"uk-grid-small uk-child-width-expand uk-flex-nowrap uk-flex-middle uk-grid\"><div class=\"uk-width-auto uk-first-column\"><div class=\"tm-custom-icon\"><div class=\"tm-content uk-panel\"><p>Suchmaschinenoptimierung (SEO)<\/p><\/div><\/div><\/div><\/div><\/li><li class=\"tm-item\"><div class=\"uk-grid-small uk-child-width-expand uk-flex-nowrap uk-flex-middle uk-grid\"><div class=\"uk-width-auto uk-first-column\"><div class=\"tm-custom-icon\"><div class=\"tm-content uk-panel\"><p>Online- und Social-Media-Marketing<\/p><\/div><\/div><\/div><\/div><\/li><\/ul>\t\t\t\t\t\t\t\t<\/div>\n\t\t\t\t<\/div>\n\t\t\t\t<\/div>\n\t\t\t\t<\/div>\n\t\t\t\t<\/div>\n\t\t\t\t\t<\/div>\n\t\t\t\t<\/div>\n\t\t\t\t<\/div>\n\t\t","protected":false},"excerpt":{"rendered":"<p>Beratung von Webcreation Bundt \u2013 Ihr Partner f\u00fcr erfolgreiche Webseiten Eine gute Webseite entsteht nicht zuf\u00e4llig \u2013 sie ist das Ergebnis von durchdachter Planung, klarer Strategie und professioneller Umsetzung. Genau hier setzt die Beratung von Webcreation Bundt an. Bevor ein Projekt startet, nehmen wir uns Zeit, Ihre individuellen W\u00fcnsche, Ziele und Zielgruppen kennenzulernen. Denn nur [&hellip;]<\/p>\n","protected":false},"author":1,"featured_media":175,"parent":0,"menu_order":0,"comment_status":"closed","ping_status":"closed","template":"","meta":{"footnotes":""},"class_list":["post-76","page","type-page","status-publish","has-post-thumbnail","hentry"],"aioseo_notices":[],"_links":{"self":[{"href":"https:\/\/2025neu.webcreation-bundt.de\/index.php\/wp-json\/wp\/v2\/pages\/76","targetHints":{"allow":["GET"]}}],"collection":[{"href":"https:\/\/2025neu.webcreation-bundt.de\/index.php\/wp-json\/wp\/v2\/pages"}],"about":[{"href":"https:\/\/2025neu.webcreation-bundt.de\/index.php\/wp-json\/wp\/v2\/types\/page"}],"author":[{"embeddable":true,"href":"https:\/\/2025neu.webcreation-bundt.de\/index.php\/wp-json\/wp\/v2\/users\/1"}],"replies":[{"embeddable":true,"href":"https:\/\/2025neu.webcreation-bundt.de\/index.php\/wp-json\/wp\/v2\/comments?post=76"}],"version-history":[{"count":16,"href":"https:\/\/2025neu.webcreation-bundt.de\/index.php\/wp-json\/wp\/v2\/pages\/76\/revisions"}],"predecessor-version":[{"id":354,"href":"https:\/\/2025neu.webcreation-bundt.de\/index.php\/wp-json\/wp\/v2\/pages\/76\/revisions\/354"}],"wp:featuredmedia":[{"embeddable":true,"href":"https:\/\/2025neu.webcreation-bundt.de\/index.php\/wp-json\/wp\/v2\/media\/175"}],"wp:attachment":[{"href":"https:\/\/2025neu.webcreation-bundt.de\/index.php\/wp-json\/wp\/v2\/media?parent=76"}],"curies":[{"name":"wp","href":"https:\/\/api.w.org\/{rel}","templated":true}]}}