{"id":78,"date":"2025-08-22T14:11:05","date_gmt":"2025-08-22T14:11:05","guid":{"rendered":"https:\/\/2025neu.webcreation-bundt.de\/?page_id=78"},"modified":"2025-08-23T15:40:58","modified_gmt":"2025-08-23T15:40:58","slug":"philosophie","status":"publish","type":"page","link":"https:\/\/2025neu.webcreation-bundt.de\/index.php\/philosophie\/","title":{"rendered":"PHILOSOPHIE"},"content":{"rendered":"\t\t<div data-elementor-type=\"wp-page\" data-elementor-id=\"78\" class=\"elementor elementor-78\" data-elementor-post-type=\"page\">\n\t\t\t\t<div class=\"elementor-element elementor-element-2daf8b6 e-flex e-con-boxed e-con e-parent\" data-id=\"2daf8b6\" data-element_type=\"container\" data-settings=\"{&quot;jet_parallax_layout_list&quot;:[]}\">\n\t\t\t\t\t<div class=\"e-con-inner\">\n\t\t<div class=\"elementor-element elementor-element-eda64f4 e-con-full e-flex e-con e-child\" data-id=\"eda64f4\" data-element_type=\"container\" data-settings=\"{&quot;jet_parallax_layout_list&quot;:[]}\">\n\t\t\t\t<div class=\"elementor-element elementor-element-fcddece elementor-widget-divider--view-line_text elementor-widget-divider--element-align-center elementor-invisible elementor-widget elementor-widget-divider\" data-id=\"fcddece\" data-element_type=\"widget\" data-settings=\"{&quot;_animation&quot;:&quot;fadeInLeft&quot;}\" data-widget_type=\"divider.default\">\n\t\t\t\t\t\t\t<div class=\"elementor-divider\">\n\t\t\t<span class=\"elementor-divider-separator\">\n\t\t\t\t\t\t\t<span class=\"elementor-divider__text elementor-divider__element\">\n\t\t\t\tMEHR ALS NUR WEBDESIGN\t\t\t\t<\/span>\n\t\t\t\t\t\t<\/span>\n\t\t<\/div>\n\t\t\t\t\t\t<\/div>\n\t\t\t\t<\/div>\n\t\t\t\t\t<\/div>\n\t\t\t\t<\/div>\n\t\t<div class=\"elementor-element elementor-element-a03c900 e-flex e-con-boxed e-con e-parent\" data-id=\"a03c900\" data-element_type=\"container\" data-settings=\"{&quot;jet_parallax_layout_list&quot;:[]}\">\n\t\t\t\t\t<div class=\"e-con-inner\">\n\t\t<div class=\"elementor-element elementor-element-801915c e-con-full e-flex elementor-invisible e-con e-child\" data-id=\"801915c\" data-element_type=\"container\" data-settings=\"{&quot;jet_parallax_layout_list&quot;:[],&quot;animation&quot;:&quot;fadeInRight&quot;}\">\n\t\t\t\t<div class=\"elementor-element elementor-element-caa771a elementor-invisible elementor-widget elementor-widget-text-editor\" data-id=\"caa771a\" data-element_type=\"widget\" data-settings=\"{&quot;_animation&quot;:&quot;fadeInRight&quot;}\" data-widget_type=\"text-editor.default\">\n\t\t\t\t\t\t\t\t\t<p>Mein Name ist Nico Bundt und ich bin der Gesch\u00e4ftsf\u00fchrer und Inhaber von Webcreation Bundt.<\/p><p>Als Webdesigner und Webmaster bin ich kreativer Ma\u00dfarbeiter aus Leidenschaft. Mit Abschluss meines Fernstudiums als staatlich gepr\u00fcfter Webdesigner im Jahr 2011 und dem Aufbau meiner Firma habe ich mein Hobby zum Beruf gemacht. Seitdem habe ich Gelegenheit, die unterschiedlichsten Onlineprojekte zu realisieren und helfe Unternehmen und Einzelpersonen, sich erfolgreich im Internet zu pr\u00e4sentieren.<\/p><p>Meine jahrelange Erfahrung in der Logistik und Nutzfahrzeugbranche erm\u00f6glicht es mir, mich schnell in die Philosophie eines Unternehmens einzuf\u00fchlen und Ihre Firma nach au\u00dfen hin, auf der wichtigsten Plattform im 21. Jahrhundert, dem Internet, zu\u00a0 pr\u00e4sentieren.<\/p><p>Bereits w\u00e4hrend meiner Zeit als Nutzfahrzeugmechaniker und meinem sp\u00e4ter folgendem Wirtschaftsingenieursstudium mit Fachrichtung Transport- und Logistikmanagement wurde das Webdesign zu meiner Leidenschaft. Schon fr\u00fch habe ich meine eigenen Internetseiten gebastelt und mit viel Ehrgeiz, Zielstrebigkeit und Gewissenhaftigkeit in der Freizeit die Basis f\u00fcr meine eigene Firma geschaffen.<\/p><p>Mein Wissen kommt aus der Praxis und ist f\u00fcr die Praxis bestimmt. Probieren geht \u00fcber Studieren, deshalb opfere ich heute noch sehr viel Freizeit und bilde mich fort, damit ich bei meinen Kunden immer Ma\u00dfarbeit auf neuesten Stand abliefern kann.<\/p><p>In meiner Freizeit schaue ich gerne \u00fcber den Tellerrand. Nachdem ich acht Jahre in der Logistikabteilung bei Circus Krone viel auf Deutschlands Stra\u00dfen unterwegs war, konnte ich meine zweite Leidenschaft, den Circus nicht verlassen und bin seit mehr als 17 Jahren nebenberuflich beim Circus Theater Roncalli t\u00e4tig. Die Arbeit beim Circus in Verbindung mit meiner eigenen Firma verlangt einiges an Organisationstalent und Spontanit\u00e4t. Aber so bleibe ich wach f\u00fcr neue Trends und sie f\u00f6rdert meine Kreativit\u00e4t, genau wie meine anderen Hobbies Modellbau, Marketing und Sport.<\/p><p>Mit diesem Rundumpaket aus Wissen, Erfahrung, Leidenschaft und Kreativit\u00e4t gebe ich f\u00fcr meine Kunden 100-prozentige Ma\u00dfarbeit ab, das macht es so spannend und so erf\u00fcllend.<\/p>\t\t\t\t\t\t\t\t<\/div>\n\t\t\t\t<\/div>\n\t\t<div class=\"elementor-element elementor-element-048f6b4 e-con-full e-flex elementor-invisible e-con e-child\" data-id=\"048f6b4\" data-element_type=\"container\" data-settings=\"{&quot;jet_parallax_layout_list&quot;:[],&quot;animation&quot;:&quot;fadeInLeft&quot;}\">\n\t\t\t\t<div class=\"elementor-element elementor-element-a3ad835 elementor-widget elementor-widget-image\" data-id=\"a3ad835\" data-element_type=\"widget\" data-widget_type=\"image.default\">\n\t\t\t\t\t\t\t\t\t\t\t\t\t\t\t<img fetchpriority=\"high\" decoding=\"async\" width=\"735\" height=\"1024\" src=\"https:\/\/2025neu.webcreation-bundt.de\/wp-content\/uploads\/2025\/08\/025_Nico-Bundt-735x1024.webp\" class=\"attachment-large size-large wp-image-315\" alt=\"Webdesigner Nico Bundt\" srcset=\"https:\/\/2025neu.webcreation-bundt.de\/wp-content\/uploads\/2025\/08\/025_Nico-Bundt-735x1024.webp 735w, https:\/\/2025neu.webcreation-bundt.de\/wp-content\/uploads\/2025\/08\/025_Nico-Bundt-215x300.webp 215w, https:\/\/2025neu.webcreation-bundt.de\/wp-content\/uploads\/2025\/08\/025_Nico-Bundt-768x1070.webp 768w, https:\/\/2025neu.webcreation-bundt.de\/wp-content\/uploads\/2025\/08\/025_Nico-Bundt.webp 1077w\" sizes=\"(max-width: 735px) 100vw, 735px\" \/>\t\t\t\t\t\t\t\t\t\t\t\t\t\t\t<\/div>\n\t\t\t\t<\/div>\n\t\t\t\t\t<\/div>\n\t\t\t\t<\/div>\n\t\t<div class=\"elementor-element elementor-element-f099391 e-flex e-con-boxed e-con e-parent\" data-id=\"f099391\" data-element_type=\"container\" data-settings=\"{&quot;jet_parallax_layout_list&quot;:[]}\">\n\t\t\t\t\t<div class=\"e-con-inner\">\n\t\t<div class=\"elementor-element elementor-element-789d3a3 e-con-full e-flex e-con e-child\" data-id=\"789d3a3\" data-element_type=\"container\" data-settings=\"{&quot;jet_parallax_layout_list&quot;:[]}\">\n\t\t\t\t<div class=\"elementor-element elementor-element-f29ee0f elementor-widget-divider--view-line_text elementor-widget-divider--element-align-center elementor-invisible elementor-widget elementor-widget-divider\" data-id=\"f29ee0f\" data-element_type=\"widget\" data-settings=\"{&quot;_animation&quot;:&quot;fadeInLeft&quot;}\" data-widget_type=\"divider.default\">\n\t\t\t\t\t\t\t<div class=\"elementor-divider\">\n\t\t\t<span class=\"elementor-divider-separator\">\n\t\t\t\t\t\t\t<span class=\"elementor-divider__text elementor-divider__element\">\n\t\t\t\tGEPR\u00dcFTER WEBDESIGNER\t\t\t\t<\/span>\n\t\t\t\t\t\t<\/span>\n\t\t<\/div>\n\t\t\t\t\t\t<\/div>\n\t\t\t\t<div class=\"elementor-element elementor-element-50327c3 elementor-invisible elementor-widget elementor-widget-text-editor\" data-id=\"50327c3\" data-element_type=\"widget\" data-settings=\"{&quot;_animation&quot;:&quot;fadeInRight&quot;}\" data-widget_type=\"text-editor.default\">\n\t\t\t\t\t\t\t\t\t<p>Im September 2012 schloss ich den staatlichen Fernlehrgang zum gepr\u00fcften Webmaster erfolgreich ab. Seit dem darf ich mich gepr\u00fcfter Webmaster \/ Webdesigner nennen.<\/p><p>Leider ist der Beruf des Webdesigners noch nicht einheitlich geregelt, er ist weder ein anerkannter Ausbildungsberuf noch ist er eine Studien-Fachrichtung.<\/p><p>Durch das drei j\u00e4hrige Fernstudium an der ILS Hamburg erlangte man nicht nur Fachwissen im Bereich Webdesign und Programmierung, sondern auch in wichtigen Punkten wie Internetrecht und Social Media L\u00f6sungen.<\/p><p>Durch die rasante Entwicklung des Internets, ist es trotzdem immer wieder wichtig, sich in den unterschiedlichsten Bereichen fortzubilden, um seine Kunden immer gut und umfassend auf dem neuesten Stand der Technik zu beraten.<\/p>\t\t\t\t\t\t\t\t<\/div>\n\t\t\t\t<\/div>\n\t\t\t\t\t<\/div>\n\t\t\t\t<\/div>\n\t\t\t\t<\/div>\n\t\t","protected":false},"excerpt":{"rendered":"<p>MEHR ALS NUR WEBDESIGN Mein Name ist Nico Bundt und ich bin der Gesch\u00e4ftsf\u00fchrer und Inhaber von Webcreation Bundt. Als Webdesigner und Webmaster bin ich kreativer Ma\u00dfarbeiter aus Leidenschaft. Mit Abschluss meines Fernstudiums als staatlich gepr\u00fcfter Webdesigner im Jahr 2011 und dem Aufbau meiner Firma habe ich mein Hobby zum Beruf gemacht. Seitdem habe ich [&hellip;]<\/p>\n","protected":false},"author":1,"featured_media":181,"parent":0,"menu_order":0,"comment_status":"closed","ping_status":"closed","template":"","meta":{"footnotes":""},"class_list":["post-78","page","type-page","status-publish","has-post-thumbnail","hentry"],"aioseo_notices":[],"_links":{"self":[{"href":"https:\/\/2025neu.webcreation-bundt.de\/index.php\/wp-json\/wp\/v2\/pages\/78","targetHints":{"allow":["GET"]}}],"collection":[{"href":"https:\/\/2025neu.webcreation-bundt.de\/index.php\/wp-json\/wp\/v2\/pages"}],"about":[{"href":"https:\/\/2025neu.webcreation-bundt.de\/index.php\/wp-json\/wp\/v2\/types\/page"}],"author":[{"embeddable":true,"href":"https:\/\/2025neu.webcreation-bundt.de\/index.php\/wp-json\/wp\/v2\/users\/1"}],"replies":[{"embeddable":true,"href":"https:\/\/2025neu.webcreation-bundt.de\/index.php\/wp-json\/wp\/v2\/comments?post=78"}],"version-history":[{"count":22,"href":"https:\/\/2025neu.webcreation-bundt.de\/index.php\/wp-json\/wp\/v2\/pages\/78\/revisions"}],"predecessor-version":[{"id":336,"href":"https:\/\/2025neu.webcreation-bundt.de\/index.php\/wp-json\/wp\/v2\/pages\/78\/revisions\/336"}],"wp:featuredmedia":[{"embeddable":true,"href":"https:\/\/2025neu.webcreation-bundt.de\/index.php\/wp-json\/wp\/v2\/media\/181"}],"wp:attachment":[{"href":"https:\/\/2025neu.webcreation-bundt.de\/index.php\/wp-json\/wp\/v2\/media?parent=78"}],"curies":[{"name":"wp","href":"https:\/\/api.w.org\/{rel}","templated":true}]}}